{"id":10,"date":"2023-09-04T15:43:08","date_gmt":"2023-09-04T13:43:08","guid":{"rendered":"http:\/\/170.210.81.106\/ceiac\/?page_id=10"},"modified":"2023-09-07T18:10:12","modified_gmt":"2023-09-07T16:10:12","slug":"inicio","status":"publish","type":"page","link":"https:\/\/ceiac.uncoma.edu.ar\/","title":{"rendered":"Inicio"},"content":{"rendered":"\t\t<div data-elementor-type=\"wp-page\" data-elementor-id=\"10\" class=\"elementor elementor-10\" data-elementor-post-type=\"page\">\n\t\t\t\t\t\t<section class=\"elementor-section elementor-top-section elementor-element elementor-element-b552c79 elementor-section-content-middle elementor-section-boxed elementor-section-height-default elementor-section-height-default\" data-id=\"b552c79\" data-element_type=\"section\" data-e-type=\"section\" data-settings=\"{&quot;background_background&quot;:&quot;slideshow&quot;,&quot;background_slideshow_gallery&quot;:[{&quot;id&quot;:51,&quot;url&quot;:&quot;https:\\\/\\\/ceiac.uncoma.edu.ar\\\/wp-content\\\/uploads\\\/2023\\\/09\\\/cabecera-rejies.png&quot;},{&quot;id&quot;:52,&quot;url&quot;:&quot;https:\\\/\\\/ceiac.uncoma.edu.ar\\\/wp-content\\\/uploads\\\/2023\\\/09\\\/cooperativas.jpg&quot;},{&quot;id&quot;:53,&quot;url&quot;:&quot;https:\\\/\\\/ceiac.uncoma.edu.ar\\\/wp-content\\\/uploads\\\/2023\\\/09\\\/EcoSocial.png&quot;},{&quot;id&quot;:54,&quot;url&quot;:&quot;https:\\\/\\\/ceiac.uncoma.edu.ar\\\/wp-content\\\/uploads\\\/2023\\\/09\\\/FLYER-dia-de-la-industria-baja-860x1228-1.jpg&quot;},{&quot;id&quot;:55,&quot;url&quot;:&quot;https:\\\/\\\/ceiac.uncoma.edu.ar\\\/wp-content\\\/uploads\\\/2023\\\/09\\\/MANOS.jpg&quot;},{&quot;id&quot;:56,&quot;url&quot;:&quot;https:\\\/\\\/ceiac.uncoma.edu.ar\\\/wp-content\\\/uploads\\\/2023\\\/09\\\/nota14987.jpg&quot;},{&quot;id&quot;:57,&quot;url&quot;:&quot;https:\\\/\\\/ceiac.uncoma.edu.ar\\\/wp-content\\\/uploads\\\/2023\\\/09\\\/principios.png&quot;}],&quot;background_slideshow_ken_burns&quot;:&quot;yes&quot;,&quot;background_slideshow_loop&quot;:&quot;yes&quot;,&quot;background_slideshow_slide_duration&quot;:5000,&quot;background_slideshow_slide_transition&quot;:&quot;fade&quot;,&quot;background_slideshow_transition_duration&quot;:500,&quot;background_slideshow_ken_burns_zoom_direction&quot;:&quot;in&quot;}\">\n\t\t\t\t\t\t\t<div class=\"elementor-background-overlay\"><\/div>\n\t\t\t\t\t\t\t<div class=\"elementor-container elementor-column-gap-default\">\n\t\t\t\t\t<div class=\"elementor-column elementor-col-50 elementor-top-column elementor-element elementor-element-41fdbb9d\" data-id=\"41fdbb9d\" data-element_type=\"column\" data-e-type=\"column\">\n\t\t\t<div class=\"elementor-widget-wrap elementor-element-populated\">\n\t\t\t\t\t\t<div class=\"elementor-element elementor-element-796c5c23 elementor-widget elementor-widget-heading\" data-id=\"796c5c23\" data-element_type=\"widget\" data-e-type=\"widget\" data-widget_type=\"heading.default\">\n\t\t\t\t<div class=\"elementor-widget-container\">\n\t\t\t\t\t<h3 class=\"elementor-heading-title elementor-size-default\">Bienvenidos al<\/h3>\t\t\t\t<\/div>\n\t\t\t\t<\/div>\n\t\t\t\t<div class=\"elementor-element elementor-element-537f0c11 elementor-widget elementor-widget-heading\" data-id=\"537f0c11\" data-element_type=\"widget\" data-e-type=\"widget\" data-widget_type=\"heading.default\">\n\t\t\t\t<div class=\"elementor-widget-container\">\n\t\t\t\t\t<h1 class=\"elementor-heading-title elementor-size-default\">Centro de Estudios de Investigaci\u00f3n en Asuntos Corporativos<\/h1>\t\t\t\t<\/div>\n\t\t\t\t<\/div>\n\t\t\t\t\t<\/div>\n\t\t<\/div>\n\t\t\t\t<div class=\"elementor-column elementor-col-50 elementor-top-column elementor-element elementor-element-3180f458\" data-id=\"3180f458\" data-element_type=\"column\" data-e-type=\"column\">\n\t\t\t<div class=\"elementor-widget-wrap elementor-element-populated\">\n\t\t\t\t\t\t<div class=\"elementor-element elementor-element-34292ede elementor-widget__width-initial elementor-widget elementor-widget-image\" data-id=\"34292ede\" data-element_type=\"widget\" data-e-type=\"widget\" data-widget_type=\"image.default\">\n\t\t\t\t<div class=\"elementor-widget-container\">\n\t\t\t\t\t\t\t\t\t\t\t\t\t\t\t<img decoding=\"async\" width=\"120\" height=\"150\" src=\"https:\/\/ceiac.uncoma.edu.ar\/wp-content\/uploads\/2023\/09\/logocoleres.png\" class=\"attachment-full size-full wp-image-27\" alt=\"\" \/>\t\t\t\t\t\t\t\t\t\t\t\t\t\t\t<\/div>\n\t\t\t\t<\/div>\n\t\t\t\t\t<\/div>\n\t\t<\/div>\n\t\t\t\t\t<\/div>\n\t\t<\/section>\n\t\t\t\t<section class=\"elementor-section elementor-top-section elementor-element elementor-element-131768b5 elementor-section-boxed elementor-section-height-default elementor-section-height-default\" data-id=\"131768b5\" data-element_type=\"section\" data-e-type=\"section\">\n\t\t\t\t\t\t<div class=\"elementor-container elementor-column-gap-no\">\n\t\t\t\t\t<div class=\"elementor-column elementor-col-100 elementor-top-column elementor-element elementor-element-3733fb3b\" data-id=\"3733fb3b\" data-element_type=\"column\" data-e-type=\"column\">\n\t\t\t<div class=\"elementor-widget-wrap elementor-element-populated\">\n\t\t\t\t\t\t<div class=\"elementor-element elementor-element-4c6b108d elementor-widget__width-auto elementor-widget elementor-widget-heading\" data-id=\"4c6b108d\" data-element_type=\"widget\" data-e-type=\"widget\" data-widget_type=\"heading.default\">\n\t\t\t\t<div class=\"elementor-widget-container\">\n\t\t\t\t\t<h2 class=\"elementor-heading-title elementor-size-default\">Novedades<\/h2>\t\t\t\t<\/div>\n\t\t\t\t<\/div>\n\t\t\t\t\t<\/div>\n\t\t<\/div>\n\t\t\t\t\t<\/div>\n\t\t<\/section>\n\t\t\t\t<section class=\"elementor-section elementor-top-section elementor-element elementor-element-3cfcc560 elementor-section-boxed elementor-section-height-default elementor-section-height-default\" data-id=\"3cfcc560\" data-element_type=\"section\" data-e-type=\"section\">\n\t\t\t\t\t\t<div class=\"elementor-container elementor-column-gap-default\">\n\t\t\t\t\t<div class=\"elementor-column elementor-col-100 elementor-top-column elementor-element elementor-element-ecf7074\" data-id=\"ecf7074\" data-element_type=\"column\" data-e-type=\"column\">\n\t\t\t<div class=\"elementor-widget-wrap elementor-element-populated\">\n\t\t\t\t\t\t<div class=\"elementor-element elementor-element-3cd54e94 elementor-grid-3 elementor-grid-tablet-2 elementor-grid-mobile-1 elementor-posts--thumbnail-top elementor-posts__hover-gradient elementor-widget elementor-widget-posts\" data-id=\"3cd54e94\" data-element_type=\"widget\" data-e-type=\"widget\" data-settings=\"{&quot;cards_columns&quot;:&quot;3&quot;,&quot;cards_columns_tablet&quot;:&quot;2&quot;,&quot;cards_columns_mobile&quot;:&quot;1&quot;,&quot;cards_row_gap&quot;:{&quot;unit&quot;:&quot;px&quot;,&quot;size&quot;:35,&quot;sizes&quot;:[]},&quot;cards_row_gap_tablet&quot;:{&quot;unit&quot;:&quot;px&quot;,&quot;size&quot;:&quot;&quot;,&quot;sizes&quot;:[]},&quot;cards_row_gap_mobile&quot;:{&quot;unit&quot;:&quot;px&quot;,&quot;size&quot;:&quot;&quot;,&quot;sizes&quot;:[]}}\" data-widget_type=\"posts.cards\">\n\t\t\t\t<div class=\"elementor-widget-container\">\n\t\t\t\t\t\t\t<div class=\"elementor-posts-container elementor-posts elementor-posts--skin-cards elementor-grid\" role=\"list\">\n\t\t\t\t<article class=\"elementor-post elementor-grid-item post-98 post type-post status-publish format-standard has-post-thumbnail hentry category-cooperativas category-novedades\" role=\"listitem\">\n\t\t\t<div class=\"elementor-post__card\">\n\t\t\t\t<a class=\"elementor-post__thumbnail__link\" href=\"https:\/\/ceiac.uncoma.edu.ar\/index.php\/novedades\/material-pedagogico-sobre-economia-social\/\" tabindex=\"-1\" ><div class=\"elementor-post__thumbnail\"><img decoding=\"async\" width=\"300\" height=\"158\" src=\"https:\/\/ceiac.uncoma.edu.ar\/wp-content\/uploads\/2023\/09\/index-300x158.jpeg\" class=\"attachment-medium size-medium wp-image-99\" alt=\"\" srcset=\"https:\/\/ceiac.uncoma.edu.ar\/wp-content\/uploads\/2023\/09\/index-300x158.jpeg 300w, https:\/\/ceiac.uncoma.edu.ar\/wp-content\/uploads\/2023\/09\/index.jpeg 309w\" sizes=\"(max-width: 300px) 100vw, 300px\" \/><\/div><\/a>\n\t\t\t\t<div class=\"elementor-post__badge\">Cooperativas<\/div>\n\t\t\t\t<div class=\"elementor-post__text\">\n\t\t\t\t<h3 class=\"elementor-post__title\">\n\t\t\t<a href=\"https:\/\/ceiac.uncoma.edu.ar\/index.php\/novedades\/material-pedagogico-sobre-economia-social\/\" >\n\t\t\t\tMaterial pedag\u00f3gico sobre Econom\u00eda Social\t\t\t<\/a>\n\t\t<\/h3>\n\t\t\t\t<div class=\"elementor-post__excerpt\">\n\t\t\t<p>El portal Econom\u00eda Cooperativa ofrece material pedag\u00f3gico sobre Econom\u00eda Social y Solidaria. En [...]<\/p>\n\t\t<\/div>\n\t\t\t\t\t<div class=\"elementor-post__read-more-wrapper\">\n\t\t\n\t\t<a class=\"elementor-post__read-more\" href=\"https:\/\/ceiac.uncoma.edu.ar\/index.php\/novedades\/material-pedagogico-sobre-economia-social\/\" aria-label=\"Read more about Material pedag\u00f3gico sobre Econom\u00eda Social\" tabindex=\"-1\" >\n\t\t\tLeer Nota Completa \u00bb\t\t<\/a>\n\n\t\t\t\t\t<\/div>\n\t\t\t\t<\/div>\n\t\t\t\t<div class=\"elementor-post__meta-data\">\n\t\t\t\t\t<span class=\"elementor-post-date\">\n\t\t\t26 de junio de 2016\t\t<\/span>\n\t\t\t\t<\/div>\n\t\t\t\t\t<\/div>\n\t\t<\/article>\n\t\t\t\t<article class=\"elementor-post elementor-grid-item post-95 post type-post status-publish format-standard has-post-thumbnail hentry category-novedades\" role=\"listitem\">\n\t\t\t<div class=\"elementor-post__card\">\n\t\t\t\t<a class=\"elementor-post__thumbnail__link\" href=\"https:\/\/ceiac.uncoma.edu.ar\/index.php\/novedades\/encuentro-en-villa-regina-con-productores-del-alto-valle\/\" tabindex=\"-1\" ><div class=\"elementor-post__thumbnail\"><img fetchpriority=\"high\" decoding=\"async\" width=\"300\" height=\"179\" src=\"https:\/\/ceiac.uncoma.edu.ar\/wp-content\/uploads\/2023\/09\/Flyer_lanzamiento-300x179.jpg\" class=\"attachment-medium size-medium wp-image-96\" alt=\"\" srcset=\"https:\/\/ceiac.uncoma.edu.ar\/wp-content\/uploads\/2023\/09\/Flyer_lanzamiento-300x179.jpg 300w, https:\/\/ceiac.uncoma.edu.ar\/wp-content\/uploads\/2023\/09\/Flyer_lanzamiento-768x459.jpg 768w, https:\/\/ceiac.uncoma.edu.ar\/wp-content\/uploads\/2023\/09\/Flyer_lanzamiento.jpg 1000w\" sizes=\"(max-width: 300px) 100vw, 300px\" \/><\/div><\/a>\n\t\t\t\t<div class=\"elementor-post__badge\">Novedades<\/div>\n\t\t\t\t<div class=\"elementor-post__text\">\n\t\t\t\t<h3 class=\"elementor-post__title\">\n\t\t\t<a href=\"https:\/\/ceiac.uncoma.edu.ar\/index.php\/novedades\/encuentro-en-villa-regina-con-productores-del-alto-valle\/\" >\n\t\t\t\tEncuentro en Villa Regina con productores del [...]\t\t\t<\/a>\n\t\t<\/h3>\n\t\t\t\t<div class=\"elementor-post__excerpt\">\n\t\t\t\t\t<\/div>\n\t\t\t\t\t<div class=\"elementor-post__read-more-wrapper\">\n\t\t\n\t\t<a class=\"elementor-post__read-more\" href=\"https:\/\/ceiac.uncoma.edu.ar\/index.php\/novedades\/encuentro-en-villa-regina-con-productores-del-alto-valle\/\" aria-label=\"Read more about Encuentro en Villa Regina con productores del [...]\" tabindex=\"-1\" >\n\t\t\tLeer Nota Completa \u00bb\t\t<\/a>\n\n\t\t\t\t\t<\/div>\n\t\t\t\t<\/div>\n\t\t\t\t<div class=\"elementor-post__meta-data\">\n\t\t\t\t\t<span class=\"elementor-post-date\">\n\t\t\t26 de junio de 2016\t\t<\/span>\n\t\t\t\t<\/div>\n\t\t\t\t\t<\/div>\n\t\t<\/article>\n\t\t\t\t<article class=\"elementor-post elementor-grid-item post-92 post type-post status-publish format-standard has-post-thumbnail hentry category-novedades\" role=\"listitem\">\n\t\t\t<div class=\"elementor-post__card\">\n\t\t\t\t<a class=\"elementor-post__thumbnail__link\" href=\"https:\/\/ceiac.uncoma.edu.ar\/index.php\/novedades\/con-el-apoyo-de-19-diputados-presentaron-un-nuevo-proyecto-de-economia-socia\/\" tabindex=\"-1\" ><div class=\"elementor-post__thumbnail\"><img loading=\"lazy\" decoding=\"async\" width=\"300\" height=\"155\" src=\"https:\/\/ceiac.uncoma.edu.ar\/wp-content\/uploads\/2023\/09\/presentacion_proyecto_ES_2016-300x155.jpg\" class=\"attachment-medium size-medium wp-image-93\" alt=\"\" srcset=\"https:\/\/ceiac.uncoma.edu.ar\/wp-content\/uploads\/2023\/09\/presentacion_proyecto_ES_2016-300x155.jpg 300w, https:\/\/ceiac.uncoma.edu.ar\/wp-content\/uploads\/2023\/09\/presentacion_proyecto_ES_2016-1024x530.jpg 1024w, https:\/\/ceiac.uncoma.edu.ar\/wp-content\/uploads\/2023\/09\/presentacion_proyecto_ES_2016-768x397.jpg 768w, https:\/\/ceiac.uncoma.edu.ar\/wp-content\/uploads\/2023\/09\/presentacion_proyecto_ES_2016.jpg 1200w\" sizes=\"(max-width: 300px) 100vw, 300px\" \/><\/div><\/a>\n\t\t\t\t<div class=\"elementor-post__badge\">Novedades<\/div>\n\t\t\t\t<div class=\"elementor-post__text\">\n\t\t\t\t<h3 class=\"elementor-post__title\">\n\t\t\t<a href=\"https:\/\/ceiac.uncoma.edu.ar\/index.php\/novedades\/con-el-apoyo-de-19-diputados-presentaron-un-nuevo-proyecto-de-economia-socia\/\" >\n\t\t\t\tCon el apoyo de 19 diputados presentaron un nuevo [...]\t\t\t<\/a>\n\t\t<\/h3>\n\t\t\t\t<div class=\"elementor-post__excerpt\">\n\t\t\t<p>*Por 8300web Por segunda vez la iniciativa para fomentar otro tipo de intercambio basado en valores [...]<\/p>\n\t\t<\/div>\n\t\t\t\t\t<div class=\"elementor-post__read-more-wrapper\">\n\t\t\n\t\t<a class=\"elementor-post__read-more\" href=\"https:\/\/ceiac.uncoma.edu.ar\/index.php\/novedades\/con-el-apoyo-de-19-diputados-presentaron-un-nuevo-proyecto-de-economia-socia\/\" aria-label=\"Read more about Con el apoyo de 19 diputados presentaron un nuevo [...]\" tabindex=\"-1\" >\n\t\t\tLeer Nota Completa \u00bb\t\t<\/a>\n\n\t\t\t\t\t<\/div>\n\t\t\t\t<\/div>\n\t\t\t\t<div class=\"elementor-post__meta-data\">\n\t\t\t\t\t<span class=\"elementor-post-date\">\n\t\t\t26 de junio de 2016\t\t<\/span>\n\t\t\t\t<\/div>\n\t\t\t\t\t<\/div>\n\t\t<\/article>\n\t\t\t\t<article class=\"elementor-post elementor-grid-item post-86 post type-post status-publish format-standard has-post-thumbnail hentry category-jornadas category-novedades\" role=\"listitem\">\n\t\t\t<div class=\"elementor-post__card\">\n\t\t\t\t<a class=\"elementor-post__thumbnail__link\" href=\"https:\/\/ceiac.uncoma.edu.ar\/index.php\/novedades\/promocion-de-emprendimientos-mercantiles-de-jovenes-de-zapala\/\" tabindex=\"-1\" ><div class=\"elementor-post__thumbnail\"><img loading=\"lazy\" decoding=\"async\" width=\"300\" height=\"211\" src=\"https:\/\/ceiac.uncoma.edu.ar\/wp-content\/uploads\/2023\/09\/MANOS-300x211.jpg\" class=\"attachment-medium size-medium wp-image-55\" alt=\"\" srcset=\"https:\/\/ceiac.uncoma.edu.ar\/wp-content\/uploads\/2023\/09\/MANOS-300x211.jpg 300w, https:\/\/ceiac.uncoma.edu.ar\/wp-content\/uploads\/2023\/09\/MANOS.jpg 490w\" sizes=\"(max-width: 300px) 100vw, 300px\" \/><\/div><\/a>\n\t\t\t\t<div class=\"elementor-post__badge\">Jornadas<\/div>\n\t\t\t\t<div class=\"elementor-post__text\">\n\t\t\t\t<h3 class=\"elementor-post__title\">\n\t\t\t<a href=\"https:\/\/ceiac.uncoma.edu.ar\/index.php\/novedades\/promocion-de-emprendimientos-mercantiles-de-jovenes-de-zapala\/\" >\n\t\t\t\tPromoci\u00f3n de emprendimientos mercantiles de [...]\t\t\t<\/a>\n\t\t<\/h3>\n\t\t\t\t<div class=\"elementor-post__excerpt\">\n\t\t\t<p>Para la implementaci\u00f3n de este proyecto en Promoci\u00f3n de Emprendimientos Mercantiles de J\u00f3venes [...]<\/p>\n\t\t<\/div>\n\t\t\t\t\t<div class=\"elementor-post__read-more-wrapper\">\n\t\t\n\t\t<a class=\"elementor-post__read-more\" href=\"https:\/\/ceiac.uncoma.edu.ar\/index.php\/novedades\/promocion-de-emprendimientos-mercantiles-de-jovenes-de-zapala\/\" aria-label=\"Read more about Promoci\u00f3n de emprendimientos mercantiles de [...]\" tabindex=\"-1\" >\n\t\t\tLeer Nota Completa \u00bb\t\t<\/a>\n\n\t\t\t\t\t<\/div>\n\t\t\t\t<\/div>\n\t\t\t\t<div class=\"elementor-post__meta-data\">\n\t\t\t\t\t<span class=\"elementor-post-date\">\n\t\t\t26 de febrero de 2016\t\t<\/span>\n\t\t\t\t<\/div>\n\t\t\t\t\t<\/div>\n\t\t<\/article>\n\t\t\t\t<article class=\"elementor-post elementor-grid-item post-84 post type-post status-publish format-standard has-post-thumbnail hentry category-jornadas category-novedades\" role=\"listitem\">\n\t\t\t<div class=\"elementor-post__card\">\n\t\t\t\t<a class=\"elementor-post__thumbnail__link\" href=\"https:\/\/ceiac.uncoma.edu.ar\/index.php\/novedades\/iv-jornada-patagonica-de-economia-social\/\" tabindex=\"-1\" ><div class=\"elementor-post__thumbnail\"><img loading=\"lazy\" decoding=\"async\" width=\"300\" height=\"196\" src=\"https:\/\/ceiac.uncoma.edu.ar\/wp-content\/uploads\/2023\/09\/nota14987-300x196.jpg\" class=\"attachment-medium size-medium wp-image-56\" alt=\"\" srcset=\"https:\/\/ceiac.uncoma.edu.ar\/wp-content\/uploads\/2023\/09\/nota14987-300x196.jpg 300w, https:\/\/ceiac.uncoma.edu.ar\/wp-content\/uploads\/2023\/09\/nota14987.jpg 500w\" sizes=\"(max-width: 300px) 100vw, 300px\" \/><\/div><\/a>\n\t\t\t\t<div class=\"elementor-post__badge\">Jornadas<\/div>\n\t\t\t\t<div class=\"elementor-post__text\">\n\t\t\t\t<h3 class=\"elementor-post__title\">\n\t\t\t<a href=\"https:\/\/ceiac.uncoma.edu.ar\/index.php\/novedades\/iv-jornada-patagonica-de-economia-social\/\" >\n\t\t\t\tIV Jornada Patag\u00f3nica de Econom\u00eda Social\t\t\t<\/a>\n\t\t<\/h3>\n\t\t\t\t<div class=\"elementor-post__excerpt\">\n\t\t\t<p>El comienzo de la actividad estuvo a cargo de la co-directora del Centro de Estudios de [...]<\/p>\n\t\t<\/div>\n\t\t\t\t\t<div class=\"elementor-post__read-more-wrapper\">\n\t\t\n\t\t<a class=\"elementor-post__read-more\" href=\"https:\/\/ceiac.uncoma.edu.ar\/index.php\/novedades\/iv-jornada-patagonica-de-economia-social\/\" aria-label=\"Read more about IV Jornada Patag\u00f3nica de Econom\u00eda Social\" tabindex=\"-1\" >\n\t\t\tLeer Nota Completa \u00bb\t\t<\/a>\n\n\t\t\t\t\t<\/div>\n\t\t\t\t<\/div>\n\t\t\t\t<div class=\"elementor-post__meta-data\">\n\t\t\t\t\t<span class=\"elementor-post-date\">\n\t\t\t26 de febrero de 2016\t\t<\/span>\n\t\t\t\t<\/div>\n\t\t\t\t\t<\/div>\n\t\t<\/article>\n\t\t\t\t<article class=\"elementor-post elementor-grid-item post-81 post type-post status-publish format-standard has-post-thumbnail hentry category-novedades\" role=\"listitem\">\n\t\t\t<div class=\"elementor-post__card\">\n\t\t\t\t<a class=\"elementor-post__thumbnail__link\" href=\"https:\/\/ceiac.uncoma.edu.ar\/index.php\/novedades\/centro-de-estudios-e-investigacion-de-asuntos-cooperativos\/\" tabindex=\"-1\" ><div class=\"elementor-post__thumbnail\"><img loading=\"lazy\" decoding=\"async\" width=\"300\" height=\"189\" src=\"https:\/\/ceiac.uncoma.edu.ar\/wp-content\/uploads\/2023\/09\/49017021-300x189.jpg\" class=\"attachment-medium size-medium wp-image-82\" alt=\"\" srcset=\"https:\/\/ceiac.uncoma.edu.ar\/wp-content\/uploads\/2023\/09\/49017021-300x189.jpg 300w, https:\/\/ceiac.uncoma.edu.ar\/wp-content\/uploads\/2023\/09\/49017021.jpg 424w\" sizes=\"(max-width: 300px) 100vw, 300px\" \/><\/div><\/a>\n\t\t\t\t<div class=\"elementor-post__badge\">Novedades<\/div>\n\t\t\t\t<div class=\"elementor-post__text\">\n\t\t\t\t<h3 class=\"elementor-post__title\">\n\t\t\t<a href=\"https:\/\/ceiac.uncoma.edu.ar\/index.php\/novedades\/centro-de-estudios-e-investigacion-de-asuntos-cooperativos\/\" >\n\t\t\t\tCentro de Estudios e Investigaci\u00f3n de Asuntos [...]\t\t\t<\/a>\n\t\t<\/h3>\n\t\t\t\t<div class=\"elementor-post__excerpt\">\n\t\t\t<p>La finalidad del CEIAC es afianzar y divulgar los principios cooperativos solidarios, colaborar en [...]<\/p>\n\t\t<\/div>\n\t\t\t\t\t<div class=\"elementor-post__read-more-wrapper\">\n\t\t\n\t\t<a class=\"elementor-post__read-more\" href=\"https:\/\/ceiac.uncoma.edu.ar\/index.php\/novedades\/centro-de-estudios-e-investigacion-de-asuntos-cooperativos\/\" aria-label=\"Read more about Centro de Estudios e Investigaci\u00f3n de Asuntos [...]\" tabindex=\"-1\" >\n\t\t\tLeer Nota Completa \u00bb\t\t<\/a>\n\n\t\t\t\t\t<\/div>\n\t\t\t\t<\/div>\n\t\t\t\t<div class=\"elementor-post__meta-data\">\n\t\t\t\t\t<span class=\"elementor-post-date\">\n\t\t\t26 de febrero de 2016\t\t<\/span>\n\t\t\t\t<\/div>\n\t\t\t\t\t<\/div>\n\t\t<\/article>\n\t\t\t\t<\/div>\n\t\t\n\t\t\t\t\t\t<\/div>\n\t\t\t\t<\/div>\n\t\t\t\t<div class=\"elementor-element elementor-element-69821932 elementor-align-center elementor-widget elementor-widget-button\" data-id=\"69821932\" data-element_type=\"widget\" data-e-type=\"widget\" data-widget_type=\"button.default\">\n\t\t\t\t<div class=\"elementor-widget-container\">\n\t\t\t\t\t\t\t\t\t<div class=\"elementor-button-wrapper\">\n\t\t\t\t\t<a class=\"elementor-button elementor-button-link elementor-size-sm\" href=\"https:\/\/ceiac.uncoma.edu.ar\/categoria\/novedades\/\">\n\t\t\t\t\t\t<span class=\"elementor-button-content-wrapper\">\n\t\t\t\t\t\t<span class=\"elementor-button-icon\">\n\t\t\t\t<i aria-hidden=\"true\" class=\"far fa-newspaper\"><\/i>\t\t\t<\/span>\n\t\t\t\t\t\t\t\t\t<span class=\"elementor-button-text\">Ver m\u00e1s novedades<\/span>\n\t\t\t\t\t<\/span>\n\t\t\t\t\t<\/a>\n\t\t\t\t<\/div>\n\t\t\t\t\t\t\t\t<\/div>\n\t\t\t\t<\/div>\n\t\t\t\t\t<\/div>\n\t\t<\/div>\n\t\t\t\t\t<\/div>\n\t\t<\/section>\n\t\t\t\t<\/div>\n\t\t","protected":false},"excerpt":{"rendered":"<p>Bienvenidos al Centro de Estudios de Investigaci\u00f3n en Asuntos Corporativos Novedades Ver m\u00e1s [...]<\/p>\n","protected":false},"author":1,"featured_media":0,"parent":0,"menu_order":0,"comment_status":"closed","ping_status":"closed","template":"","meta":{"footnotes":""},"categorias-paginas":[],"class_list":["post-10","page","type-page","status-publish","hentry"],"_links":{"self":[{"href":"https:\/\/ceiac.uncoma.edu.ar\/index.php\/wp-json\/wp\/v2\/pages\/10","targetHints":{"allow":["GET"]}}],"collection":[{"href":"https:\/\/ceiac.uncoma.edu.ar\/index.php\/wp-json\/wp\/v2\/pages"}],"about":[{"href":"https:\/\/ceiac.uncoma.edu.ar\/index.php\/wp-json\/wp\/v2\/types\/page"}],"author":[{"embeddable":true,"href":"https:\/\/ceiac.uncoma.edu.ar\/index.php\/wp-json\/wp\/v2\/users\/1"}],"replies":[{"embeddable":true,"href":"https:\/\/ceiac.uncoma.edu.ar\/index.php\/wp-json\/wp\/v2\/comments?post=10"}],"version-history":[{"count":34,"href":"https:\/\/ceiac.uncoma.edu.ar\/index.php\/wp-json\/wp\/v2\/pages\/10\/revisions"}],"predecessor-version":[{"id":134,"href":"https:\/\/ceiac.uncoma.edu.ar\/index.php\/wp-json\/wp\/v2\/pages\/10\/revisions\/134"}],"wp:attachment":[{"href":"https:\/\/ceiac.uncoma.edu.ar\/index.php\/wp-json\/wp\/v2\/media?parent=10"}],"wp:term":[{"taxonomy":"categorias-paginas","embeddable":true,"href":"https:\/\/ceiac.uncoma.edu.ar\/index.php\/wp-json\/wp\/v2\/categorias-paginas?post=10"}],"curies":[{"name":"wp","href":"https:\/\/api.w.org\/{rel}","templated":true}]}}